{"id":4416,"date":"2021-12-10T07:56:37","date_gmt":"2021-12-10T06:56:37","guid":{"rendered":"https:\/\/www.stretchhood.it\/systemes-d-emballage\/housseuse-a-housse-retractable\/housseuses\/"},"modified":"2021-12-30T12:47:43","modified_gmt":"2021-12-30T11:47:43","slug":"housseuses","status":"publish","type":"page","link":"https:\/\/www.stretchhood.it\/fr\/systemes-d-emballage\/housseuse-a-housse-retractable\/housseuses\/","title":{"rendered":"Housseuses"},"content":{"rendered":"\n<div class=\"wp-block-columns is-layout-flex wp-container-core-columns-is-layout-1 wp-block-columns-is-layout-flex\">\n<div class=\"wp-block-column is-layout-flow wp-block-column-is-layout-flow\">\n<h3 class=\"wp-block-heading\">Housseuses<\/h3>\n\n\n\n<p>Fabriqu\u00e9es avec exp\u00e9rience et constamment am\u00e9lior\u00e9es au fil du temps, les housseuses Bocedi sont con\u00e7ues pour automatiser la phase de houssage et sont disponibles en 2 versions avec diff\u00e9rentes caract\u00e9ristiques nominales.<\/p>\n\n\n\n<p>La machine fonctionne avec un film tubulaire thermor\u00e9tractable, automatiquement coup\u00e9 sur mesure par une barre de soudage, puis gonfl\u00e9 comme un ballon afin d&rsquo;\u00e9viter tout contact avec la charge lors de son application autour de la charge.<\/p>\n\n\n\n<h3 class=\"wp-block-heading\">Diff\u00e9rents formats de palettes<\/h3>\n\n\n\n<p>Les housseuses peuvent \u00eatre configur\u00e9es pour fonctionner avec 1 \u00e0 6 tailles de film ou \u00e9paisseurs de film, afin de pouvoir conditionner diff\u00e9rents formats de palettes avec une seule machine.<\/p>\n\n\n\n<h3 class=\"wp-block-heading\">La housse en plastique est adapt\u00e9e<\/h3>\n\n\n\n<p>Les palettes sont d\u00e9tect\u00e9es automatiquement afin de permettre au dispositif d&rsquo;alimentation du film de pr\u00e9parer la bonne taille de film. La housse en plastique est adapt\u00e9e, coup\u00e9e et soud\u00e9e. La machine est con\u00e7ue pour fonctionner avec des films fins, afin de r\u00e9duire la quantit\u00e9 de plastique utilis\u00e9e et les co\u00fbts globaux de conditionnement.<\/p>\n<\/div>\n\n\n\n<div class=\"wp-block-column is-layout-flow wp-block-column-is-layout-flow\"><div class=\"wp-block-getwid-images-slider has-arrows-inside has-dots-inside has-images-center has-cropped-images has-fixed-height\"><div class=\"wp-block-getwid-images-slider__wrapper\" data-effect=\"fade\" data-slides-show=\"1\" data-slides-show-laptop=\"1\" data-slides-show-tablet=\"1\" data-slides-show-mobile=\"1\" data-slides-scroll=\"1\" data-autoplay=\"true\" data-autoplay-speed=\"5000\" data-infinite=\"true\" data-animation-speed=\"800\" data-center-mode=\"false\" data-variable-width=\"false\" data-arrows=\"inside\" data-dots=\"inside\" data-spacing=\"none\"><div class=\"wp-block-getwid-images-slider__item\" style=\"height:350px\"><figure><img loading=\"lazy\" decoding=\"async\" width=\"1200\" height=\"800\" src=\"https:\/\/www.stretchhood.it\/wp-content\/uploads\/2021\/12\/image-hooding-machines-01.jpg\" data-id=\"2146\" data-link=\"https:\/\/www.stretchhood.it\/packaging-systems\/shrink-hood-machines\/hooding-machines\/attachment\/image-hooding-machines-01\/\" data-original-link=\"https:\/\/www.stretchhood.it\/wp-content\/uploads\/2021\/12\/image-hooding-machines-01.jpg\" class=\"wp-block-getwid-images-slider__image wp-image-2146\" srcset=\"https:\/\/www.stretchhood.it\/wp-content\/uploads\/2021\/12\/image-hooding-machines-01.jpg 1200w, https:\/\/www.stretchhood.it\/wp-content\/uploads\/2021\/12\/image-hooding-machines-01-980x653.jpg 980w, https:\/\/www.stretchhood.it\/wp-content\/uploads\/2021\/12\/image-hooding-machines-01-480x320.jpg 480w\" sizes=\"(min-width: 0px) and (max-width: 480px) 480px, (min-width: 481px) and (max-width: 980px) 980px, (min-width: 981px) 1200px, 100vw\" \/><\/figure><\/div><div class=\"wp-block-getwid-images-slider__item\" style=\"height:350px\"><figure><img loading=\"lazy\" decoding=\"async\" width=\"1200\" height=\"800\" src=\"https:\/\/www.stretchhood.it\/wp-content\/uploads\/2021\/12\/image-hooding-machines-02.jpg\" data-id=\"2147\" data-link=\"https:\/\/www.stretchhood.it\/packaging-systems\/shrink-hood-machines\/hooding-machines\/attachment\/image-hooding-machines-02\/\" data-original-link=\"https:\/\/www.stretchhood.it\/wp-content\/uploads\/2021\/12\/image-hooding-machines-02.jpg\" class=\"wp-block-getwid-images-slider__image wp-image-2147\" srcset=\"https:\/\/www.stretchhood.it\/wp-content\/uploads\/2021\/12\/image-hooding-machines-02.jpg 1200w, https:\/\/www.stretchhood.it\/wp-content\/uploads\/2021\/12\/image-hooding-machines-02-980x653.jpg 980w, https:\/\/www.stretchhood.it\/wp-content\/uploads\/2021\/12\/image-hooding-machines-02-480x320.jpg 480w\" sizes=\"(min-width: 0px) and (max-width: 480px) 480px, (min-width: 481px) and (max-width: 980px) 980px, (min-width: 981px) 1200px, 100vw\" \/><\/figure><\/div><div class=\"wp-block-getwid-images-slider__item\" style=\"height:350px\"><figure><img loading=\"lazy\" decoding=\"async\" width=\"1200\" height=\"800\" src=\"https:\/\/www.stretchhood.it\/wp-content\/uploads\/2021\/12\/image-hooding-machines-03.jpg\" data-id=\"2148\" data-link=\"https:\/\/www.stretchhood.it\/packaging-systems\/shrink-hood-machines\/hooding-machines\/attachment\/image-hooding-machines-03\/\" data-original-link=\"https:\/\/www.stretchhood.it\/wp-content\/uploads\/2021\/12\/image-hooding-machines-03.jpg\" class=\"wp-block-getwid-images-slider__image wp-image-2148\" srcset=\"https:\/\/www.stretchhood.it\/wp-content\/uploads\/2021\/12\/image-hooding-machines-03.jpg 1200w, https:\/\/www.stretchhood.it\/wp-content\/uploads\/2021\/12\/image-hooding-machines-03-980x653.jpg 980w, https:\/\/www.stretchhood.it\/wp-content\/uploads\/2021\/12\/image-hooding-machines-03-480x320.jpg 480w\" sizes=\"(min-width: 0px) and (max-width: 480px) 480px, (min-width: 481px) and (max-width: 980px) 980px, (min-width: 981px) 1200px, 100vw\" \/><\/figure><\/div><\/div><\/div>\r\n\n\n\n<h3 class=\"wp-block-heading\">Caract\u00e9ristiques technique &#8211; FB101<\/h3>\n\n\n\n<figure class=\"wp-block-table is-style-stripes\"><table class=\"has-fixed-layout\"><tbody><tr><td>Productivit\u00e9<\/td><td>Jusqu&rsquo;\u00e0 240 palettes\/h<\/td><\/tr><tr><td>Taille minimale des palettes<\/td><td>400&#215;400\u00a0mm<\/td><\/tr><tr><td>Taille maximale des palettes<\/td><td>1350&#215;1250 mm<\/td><\/tr><\/tbody><\/table><\/figure>\n\n\n\n<h3 class=\"wp-block-heading\">Caract\u00e9ristiques technique &#8211; FB25<\/h3>\n\n\n\n<figure class=\"wp-block-table is-style-stripes\"><table class=\"has-fixed-layout\"><tbody><tr><td>Productivit\u00e9<\/td><td>Jusqu&rsquo;\u00e0 240 palettes\/h<\/td><\/tr><tr><td>Taille minimale des palettes<\/td><td>400&#215;400\u00a0mm<\/td><\/tr><tr><td>Taille maximale des palettes<\/td><td>1850&#215;1200 mm<\/td><\/tr><\/tbody><\/table><\/figure>\n\n\n\n<div class=\"wp-block-buttons is-layout-flex wp-block-buttons-is-layout-flex\">\n<div class=\"wp-block-button button-quotation\"><a class=\"wp-block-button__link\" href=\"\/fr\/contact\/\">Demander un Devis<\/a><\/div>\n\n\n\n<div class=\"wp-block-button button-pdf\"><a class=\"wp-block-button__link\">Download Catalogue<\/a><\/div>\n\n\n\n<div class=\"wp-block-button button-video\"><a class=\"wp-block-button__link\">Voir la Vid\u00e9o<\/a><\/div>\n<\/div>\n\n\n\n<figure class=\"wp-block-video watch-video\"><video controls=\"\" poster=\"https:\/\/www.stretchhood.it\/wp-content\/uploads\/2021\/12\/video-thumb.jpg\" src=\"\/wp-content\/uploads\/video\/video-hooding-machines.mp4\"><\/video><\/figure>\n<\/div>\n<\/div>\n","protected":false},"excerpt":{"rendered":"<p>Housseuses Fabriqu\u00e9es avec exp\u00e9rience et constamment am\u00e9lior\u00e9es au fil du temps, les housseuses Bocedi sont con\u00e7ues pour automatiser la phase de houssage et sont disponibles en 2 versions avec diff\u00e9rentes caract\u00e9ristiques nominales. La machine fonctionne avec un film tubulaire thermor\u00e9tractable, automatiquement coup\u00e9 sur mesure par une barre de soudage, puis gonfl\u00e9 comme un ballon afin [&hellip;]<\/p>\n","protected":false},"author":1,"featured_media":2890,"parent":4171,"menu_order":0,"comment_status":"closed","ping_status":"closed","template":"","meta":{"_acf_changed":false,"_et_pb_use_builder":"off","_et_pb_old_content":"","_et_gb_content_width":"","footnotes":""},"acf":[],"yoast_head":"<!-- This site is optimized with the Yoast SEO plugin v22.7 - https:\/\/yoast.com\/wordpress\/plugins\/seo\/ -->\n<title>Housseuses - Bocedi srl<\/title>\n<meta name=\"description\" content=\"Les machines de housseuses Bocedi sont con\u00e7ues pour automatiser la phase de houssage r\u00e9tractable, en d\u00e9roulant le film tubulaire sur la charge et en le coupant sur mesure.\" \/>\n<meta name=\"robots\" content=\"index, follow, max-snippet:-1, max-image-preview:large, max-video-preview:-1\" \/>\n<link rel=\"canonical\" href=\"https:\/\/www.stretchhood.it\/fr\/systemes-d-emballage\/housseuse-a-housse-retractable\/housseuses\/\" \/>\n<meta property=\"og:locale\" content=\"fr_FR\" \/>\n<meta property=\"og:type\" content=\"article\" \/>\n<meta property=\"og:title\" content=\"Housseuses - Bocedi srl\" \/>\n<meta property=\"og:description\" content=\"Les machines de housseuses Bocedi sont con\u00e7ues pour automatiser la phase de houssage r\u00e9tractable, en d\u00e9roulant le film tubulaire sur la charge et en le coupant sur mesure.\" \/>\n<meta property=\"og:url\" content=\"https:\/\/www.stretchhood.it\/fr\/systemes-d-emballage\/housseuse-a-housse-retractable\/housseuses\/\" \/>\n<meta property=\"og:site_name\" content=\"Bocedi srl\" \/>\n<meta property=\"article:modified_time\" content=\"2021-12-30T11:47:43+00:00\" \/>\n<meta property=\"og:image\" content=\"https:\/\/bocedisrl.com\/wp-content\/uploads\/2021\/12\/3d-hooding-machines.jpg\" \/>\n\t<meta property=\"og:image:width\" content=\"1200\" \/>\n\t<meta property=\"og:image:height\" content=\"800\" \/>\n\t<meta property=\"og:image:type\" content=\"image\/jpeg\" \/>\n<meta name=\"twitter:card\" content=\"summary_large_image\" \/>\n<meta name=\"twitter:label1\" content=\"Dur\u00e9e de lecture estim\u00e9e\" \/>\n\t<meta name=\"twitter:data1\" content=\"1 minute\" \/>\n<script type=\"application\/ld+json\" class=\"yoast-schema-graph\">{\"@context\":\"https:\/\/schema.org\",\"@graph\":[{\"@type\":\"WebPage\",\"@id\":\"https:\/\/www.stretchhood.it\/fr\/systemes-d-emballage\/housseuse-a-housse-retractable\/housseuses\/\",\"url\":\"https:\/\/www.stretchhood.it\/fr\/systemes-d-emballage\/housseuse-a-housse-retractable\/housseuses\/\",\"name\":\"Housseuses - Bocedi srl\",\"isPartOf\":{\"@id\":\"https:\/\/www.bocedisrl.com\/es\/#website\"},\"primaryImageOfPage\":{\"@id\":\"https:\/\/www.stretchhood.it\/fr\/systemes-d-emballage\/housseuse-a-housse-retractable\/housseuses\/#primaryimage\"},\"image\":{\"@id\":\"https:\/\/www.stretchhood.it\/fr\/systemes-d-emballage\/housseuse-a-housse-retractable\/housseuses\/#primaryimage\"},\"thumbnailUrl\":\"https:\/\/www.stretchhood.it\/wp-content\/uploads\/2021\/12\/3d-hooding-machines.jpg\",\"datePublished\":\"2021-12-10T06:56:37+00:00\",\"dateModified\":\"2021-12-30T11:47:43+00:00\",\"description\":\"Les machines de housseuses Bocedi sont con\u00e7ues pour automatiser la phase de houssage r\u00e9tractable, en d\u00e9roulant le film tubulaire sur la charge et en le coupant sur mesure.\",\"breadcrumb\":{\"@id\":\"https:\/\/www.stretchhood.it\/fr\/systemes-d-emballage\/housseuse-a-housse-retractable\/housseuses\/#breadcrumb\"},\"inLanguage\":\"fr-FR\",\"potentialAction\":[{\"@type\":\"ReadAction\",\"target\":[\"https:\/\/www.stretchhood.it\/fr\/systemes-d-emballage\/housseuse-a-housse-retractable\/housseuses\/\"]}]},{\"@type\":\"ImageObject\",\"inLanguage\":\"fr-FR\",\"@id\":\"https:\/\/www.stretchhood.it\/fr\/systemes-d-emballage\/housseuse-a-housse-retractable\/housseuses\/#primaryimage\",\"url\":\"https:\/\/www.stretchhood.it\/wp-content\/uploads\/2021\/12\/3d-hooding-machines.jpg\",\"contentUrl\":\"https:\/\/www.stretchhood.it\/wp-content\/uploads\/2021\/12\/3d-hooding-machines.jpg\",\"width\":1200,\"height\":800},{\"@type\":\"BreadcrumbList\",\"@id\":\"https:\/\/www.stretchhood.it\/fr\/systemes-d-emballage\/housseuse-a-housse-retractable\/housseuses\/#breadcrumb\",\"itemListElement\":[{\"@type\":\"ListItem\",\"position\":1,\"name\":\"Home\",\"item\":\"https:\/\/stretchhood.it\/fr\/\"},{\"@type\":\"ListItem\",\"position\":2,\"name\":\"Syst\u00e9mes d&rsquo;Emballage\",\"item\":\"https:\/\/www.stretchhood.it\/fr\/systemes-d-emballage\/\"},{\"@type\":\"ListItem\",\"position\":3,\"name\":\"Housseuse \u00e0 Housse R\u00e8tractable\",\"item\":\"https:\/\/bocedisrl.com\/fr\/systemes-d-emballage\/housseuse-a-housse-retractable\/\"},{\"@type\":\"ListItem\",\"position\":4,\"name\":\"Housseuses\"}]},{\"@type\":\"WebSite\",\"@id\":\"https:\/\/www.bocedisrl.com\/es\/#website\",\"url\":\"https:\/\/www.bocedisrl.com\/es\/\",\"name\":\"Bocedi srl\",\"description\":\"Pallet Packaging Systems\",\"publisher\":{\"@id\":\"https:\/\/www.bocedisrl.com\/es\/#organization\"},\"potentialAction\":[{\"@type\":\"SearchAction\",\"target\":{\"@type\":\"EntryPoint\",\"urlTemplate\":\"https:\/\/www.bocedisrl.com\/es\/?s={search_term_string}\"},\"query-input\":\"required name=search_term_string\"}],\"inLanguage\":\"fr-FR\"},{\"@type\":\"Organization\",\"@id\":\"https:\/\/www.bocedisrl.com\/es\/#organization\",\"name\":\"Bocedi srl\",\"url\":\"https:\/\/www.bocedisrl.com\/es\/\",\"logo\":{\"@type\":\"ImageObject\",\"inLanguage\":\"fr-FR\",\"@id\":\"https:\/\/www.bocedisrl.com\/es\/#\/schema\/logo\/image\/\",\"url\":\"https:\/\/www.bocedisrl.com\/wp-content\/uploads\/2021\/11\/logo-bocedi.png\",\"contentUrl\":\"https:\/\/www.bocedisrl.com\/wp-content\/uploads\/2021\/11\/logo-bocedi.png\",\"width\":800,\"height\":480,\"caption\":\"Bocedi srl\"},\"image\":{\"@id\":\"https:\/\/www.bocedisrl.com\/es\/#\/schema\/logo\/image\/\"}}]}<\/script>\n<!-- \/ Yoast SEO plugin. -->","yoast_head_json":{"title":"Housseuses - Bocedi srl","description":"Les machines de housseuses Bocedi sont con\u00e7ues pour automatiser la phase de houssage r\u00e9tractable, en d\u00e9roulant le film tubulaire sur la charge et en le coupant sur mesure.","robots":{"index":"index","follow":"follow","max-snippet":"max-snippet:-1","max-image-preview":"max-image-preview:large","max-video-preview":"max-video-preview:-1"},"canonical":"https:\/\/www.stretchhood.it\/fr\/systemes-d-emballage\/housseuse-a-housse-retractable\/housseuses\/","og_locale":"fr_FR","og_type":"article","og_title":"Housseuses - Bocedi srl","og_description":"Les machines de housseuses Bocedi sont con\u00e7ues pour automatiser la phase de houssage r\u00e9tractable, en d\u00e9roulant le film tubulaire sur la charge et en le coupant sur mesure.","og_url":"https:\/\/www.stretchhood.it\/fr\/systemes-d-emballage\/housseuse-a-housse-retractable\/housseuses\/","og_site_name":"Bocedi srl","article_modified_time":"2021-12-30T11:47:43+00:00","og_image":[{"width":1200,"height":800,"url":"https:\/\/bocedisrl.com\/wp-content\/uploads\/2021\/12\/3d-hooding-machines.jpg","type":"image\/jpeg"}],"twitter_card":"summary_large_image","twitter_misc":{"Dur\u00e9e de lecture estim\u00e9e":"1 minute"},"schema":{"@context":"https:\/\/schema.org","@graph":[{"@type":"WebPage","@id":"https:\/\/www.stretchhood.it\/fr\/systemes-d-emballage\/housseuse-a-housse-retractable\/housseuses\/","url":"https:\/\/www.stretchhood.it\/fr\/systemes-d-emballage\/housseuse-a-housse-retractable\/housseuses\/","name":"Housseuses - Bocedi srl","isPartOf":{"@id":"https:\/\/www.bocedisrl.com\/es\/#website"},"primaryImageOfPage":{"@id":"https:\/\/www.stretchhood.it\/fr\/systemes-d-emballage\/housseuse-a-housse-retractable\/housseuses\/#primaryimage"},"image":{"@id":"https:\/\/www.stretchhood.it\/fr\/systemes-d-emballage\/housseuse-a-housse-retractable\/housseuses\/#primaryimage"},"thumbnailUrl":"https:\/\/www.stretchhood.it\/wp-content\/uploads\/2021\/12\/3d-hooding-machines.jpg","datePublished":"2021-12-10T06:56:37+00:00","dateModified":"2021-12-30T11:47:43+00:00","description":"Les machines de housseuses Bocedi sont con\u00e7ues pour automatiser la phase de houssage r\u00e9tractable, en d\u00e9roulant le film tubulaire sur la charge et en le coupant sur mesure.","breadcrumb":{"@id":"https:\/\/www.stretchhood.it\/fr\/systemes-d-emballage\/housseuse-a-housse-retractable\/housseuses\/#breadcrumb"},"inLanguage":"fr-FR","potentialAction":[{"@type":"ReadAction","target":["https:\/\/www.stretchhood.it\/fr\/systemes-d-emballage\/housseuse-a-housse-retractable\/housseuses\/"]}]},{"@type":"ImageObject","inLanguage":"fr-FR","@id":"https:\/\/www.stretchhood.it\/fr\/systemes-d-emballage\/housseuse-a-housse-retractable\/housseuses\/#primaryimage","url":"https:\/\/www.stretchhood.it\/wp-content\/uploads\/2021\/12\/3d-hooding-machines.jpg","contentUrl":"https:\/\/www.stretchhood.it\/wp-content\/uploads\/2021\/12\/3d-hooding-machines.jpg","width":1200,"height":800},{"@type":"BreadcrumbList","@id":"https:\/\/www.stretchhood.it\/fr\/systemes-d-emballage\/housseuse-a-housse-retractable\/housseuses\/#breadcrumb","itemListElement":[{"@type":"ListItem","position":1,"name":"Home","item":"https:\/\/stretchhood.it\/fr\/"},{"@type":"ListItem","position":2,"name":"Syst\u00e9mes d&rsquo;Emballage","item":"https:\/\/www.stretchhood.it\/fr\/systemes-d-emballage\/"},{"@type":"ListItem","position":3,"name":"Housseuse \u00e0 Housse R\u00e8tractable","item":"https:\/\/bocedisrl.com\/fr\/systemes-d-emballage\/housseuse-a-housse-retractable\/"},{"@type":"ListItem","position":4,"name":"Housseuses"}]},{"@type":"WebSite","@id":"https:\/\/www.bocedisrl.com\/es\/#website","url":"https:\/\/www.bocedisrl.com\/es\/","name":"Bocedi srl","description":"Pallet Packaging Systems","publisher":{"@id":"https:\/\/www.bocedisrl.com\/es\/#organization"},"potentialAction":[{"@type":"SearchAction","target":{"@type":"EntryPoint","urlTemplate":"https:\/\/www.bocedisrl.com\/es\/?s={search_term_string}"},"query-input":"required name=search_term_string"}],"inLanguage":"fr-FR"},{"@type":"Organization","@id":"https:\/\/www.bocedisrl.com\/es\/#organization","name":"Bocedi srl","url":"https:\/\/www.bocedisrl.com\/es\/","logo":{"@type":"ImageObject","inLanguage":"fr-FR","@id":"https:\/\/www.bocedisrl.com\/es\/#\/schema\/logo\/image\/","url":"https:\/\/www.bocedisrl.com\/wp-content\/uploads\/2021\/11\/logo-bocedi.png","contentUrl":"https:\/\/www.bocedisrl.com\/wp-content\/uploads\/2021\/11\/logo-bocedi.png","width":800,"height":480,"caption":"Bocedi srl"},"image":{"@id":"https:\/\/www.bocedisrl.com\/es\/#\/schema\/logo\/image\/"}}]}},"_links":{"self":[{"href":"https:\/\/www.stretchhood.it\/fr\/wp-json\/wp\/v2\/pages\/4416"}],"collection":[{"href":"https:\/\/www.stretchhood.it\/fr\/wp-json\/wp\/v2\/pages"}],"about":[{"href":"https:\/\/www.stretchhood.it\/fr\/wp-json\/wp\/v2\/types\/page"}],"author":[{"embeddable":true,"href":"https:\/\/www.stretchhood.it\/fr\/wp-json\/wp\/v2\/users\/1"}],"replies":[{"embeddable":true,"href":"https:\/\/www.stretchhood.it\/fr\/wp-json\/wp\/v2\/comments?post=4416"}],"version-history":[{"count":1,"href":"https:\/\/www.stretchhood.it\/fr\/wp-json\/wp\/v2\/pages\/4416\/revisions"}],"predecessor-version":[{"id":4417,"href":"https:\/\/www.stretchhood.it\/fr\/wp-json\/wp\/v2\/pages\/4416\/revisions\/4417"}],"up":[{"embeddable":true,"href":"https:\/\/www.stretchhood.it\/fr\/wp-json\/wp\/v2\/pages\/4171"}],"wp:featuredmedia":[{"embeddable":true,"href":"https:\/\/www.stretchhood.it\/fr\/wp-json\/wp\/v2\/media\/2890"}],"wp:attachment":[{"href":"https:\/\/www.stretchhood.it\/fr\/wp-json\/wp\/v2\/media?parent=4416"}],"curies":[{"name":"wp","href":"https:\/\/api.w.org\/{rel}","templated":true}]}}