{"id":7710,"date":"2022-08-03T10:07:25","date_gmt":"2022-08-03T09:07:25","guid":{"rendered":"https:\/\/www.bocedisrl.com\/thank-you-page\/"},"modified":"2022-09-13T14:23:43","modified_gmt":"2022-09-13T13:23:43","slug":"page-de-remerciement","status":"publish","type":"page","link":"https:\/\/www.stretchhood.it\/fr\/page-de-remerciement\/","title":{"rendered":"Merci pour le message ! Vous serez bient\u00f4t contact\u00e9 par la zone s\u00e9lectionn\u00e9e."},"content":{"rendered":"\n<p><\/p>\n\n\n\n<p><\/p>\n\n\n\n<p><\/p>\n","protected":false},"excerpt":{"rendered":"","protected":false},"author":1,"featured_media":0,"parent":0,"menu_order":0,"comment_status":"closed","ping_status":"closed","template":"","meta":{"_acf_changed":false,"_et_pb_use_builder":"off","_et_pb_old_content":"","_et_gb_content_width":"","footnotes":""},"acf":[],"yoast_head":"<!-- This site is optimized with the Yoast SEO plugin v22.7 - https:\/\/yoast.com\/wordpress\/plugins\/seo\/ -->\n<title>Merci pour le message ! Vous serez bient\u00f4t contact\u00e9 par la zone s\u00e9lectionn\u00e9e. - Bocedi srl<\/title>\n<meta name=\"robots\" content=\"noindex, nofollow\" \/>\n<meta property=\"og:locale\" content=\"fr_FR\" \/>\n<meta property=\"og:type\" content=\"article\" \/>\n<meta property=\"og:title\" content=\"Merci pour le message ! Vous serez bient\u00f4t contact\u00e9 par la zone s\u00e9lectionn\u00e9e. - Bocedi srl\" \/>\n<meta property=\"og:url\" content=\"https:\/\/www.stretchhood.it\/fr\/page-de-remerciement\/\" \/>\n<meta property=\"og:site_name\" content=\"Bocedi srl\" \/>\n<meta property=\"article:modified_time\" content=\"2022-09-13T13:23:43+00:00\" \/>\n<meta name=\"twitter:card\" content=\"summary_large_image\" \/>\n<script type=\"application\/ld+json\" class=\"yoast-schema-graph\">{\"@context\":\"https:\/\/schema.org\",\"@graph\":[{\"@type\":\"WebPage\",\"@id\":\"https:\/\/www.stretchhood.it\/fr\/page-de-remerciement\/\",\"url\":\"https:\/\/www.stretchhood.it\/fr\/page-de-remerciement\/\",\"name\":\"Merci pour le message ! Vous serez bient\u00f4t contact\u00e9 par la zone s\u00e9lectionn\u00e9e. - Bocedi srl\",\"isPartOf\":{\"@id\":\"https:\/\/mail.stretchhood.it\/it\/#website\"},\"datePublished\":\"2022-08-03T09:07:25+00:00\",\"dateModified\":\"2022-09-13T13:23:43+00:00\",\"breadcrumb\":{\"@id\":\"https:\/\/www.stretchhood.it\/fr\/page-de-remerciement\/#breadcrumb\"},\"inLanguage\":\"fr-FR\",\"potentialAction\":[{\"@type\":\"ReadAction\",\"target\":[\"https:\/\/www.stretchhood.it\/fr\/page-de-remerciement\/\"]}]},{\"@type\":\"BreadcrumbList\",\"@id\":\"https:\/\/www.stretchhood.it\/fr\/page-de-remerciement\/#breadcrumb\",\"itemListElement\":[{\"@type\":\"ListItem\",\"position\":1,\"name\":\"Home\",\"item\":\"https:\/\/STRETCHHOOD.IT\/fr\/\"},{\"@type\":\"ListItem\",\"position\":2,\"name\":\"Merci pour le message ! Vous serez bient\u00f4t contact\u00e9 par la zone s\u00e9lectionn\u00e9e.\"}]},{\"@type\":\"WebSite\",\"@id\":\"https:\/\/mail.stretchhood.it\/it\/#website\",\"url\":\"https:\/\/mail.stretchhood.it\/it\/\",\"name\":\"Bocedi srl\",\"description\":\"Pallet Packaging Systems\",\"publisher\":{\"@id\":\"https:\/\/mail.stretchhood.it\/it\/#organization\"},\"potentialAction\":[{\"@type\":\"SearchAction\",\"target\":{\"@type\":\"EntryPoint\",\"urlTemplate\":\"https:\/\/mail.stretchhood.it\/it\/?s={search_term_string}\"},\"query-input\":\"required name=search_term_string\"}],\"inLanguage\":\"fr-FR\"},{\"@type\":\"Organization\",\"@id\":\"https:\/\/mail.stretchhood.it\/it\/#organization\",\"name\":\"Bocedi srl\",\"url\":\"https:\/\/mail.stretchhood.it\/it\/\",\"logo\":{\"@type\":\"ImageObject\",\"inLanguage\":\"fr-FR\",\"@id\":\"https:\/\/mail.stretchhood.it\/it\/#\/schema\/logo\/image\/\",\"url\":\"https:\/\/www.bocedisrl.com\/wp-content\/uploads\/2021\/11\/logo-bocedi.png\",\"contentUrl\":\"https:\/\/www.bocedisrl.com\/wp-content\/uploads\/2021\/11\/logo-bocedi.png\",\"width\":800,\"height\":480,\"caption\":\"Bocedi srl\"},\"image\":{\"@id\":\"https:\/\/mail.stretchhood.it\/it\/#\/schema\/logo\/image\/\"}}]}<\/script>\n<!-- \/ Yoast SEO plugin. -->","yoast_head_json":{"title":"Merci pour le message ! Vous serez bient\u00f4t contact\u00e9 par la zone s\u00e9lectionn\u00e9e. - Bocedi srl","robots":{"index":"noindex","follow":"nofollow"},"og_locale":"fr_FR","og_type":"article","og_title":"Merci pour le message ! Vous serez bient\u00f4t contact\u00e9 par la zone s\u00e9lectionn\u00e9e. - Bocedi srl","og_url":"https:\/\/www.stretchhood.it\/fr\/page-de-remerciement\/","og_site_name":"Bocedi srl","article_modified_time":"2022-09-13T13:23:43+00:00","twitter_card":"summary_large_image","schema":{"@context":"https:\/\/schema.org","@graph":[{"@type":"WebPage","@id":"https:\/\/www.stretchhood.it\/fr\/page-de-remerciement\/","url":"https:\/\/www.stretchhood.it\/fr\/page-de-remerciement\/","name":"Merci pour le message ! Vous serez bient\u00f4t contact\u00e9 par la zone s\u00e9lectionn\u00e9e. - Bocedi srl","isPartOf":{"@id":"https:\/\/mail.stretchhood.it\/it\/#website"},"datePublished":"2022-08-03T09:07:25+00:00","dateModified":"2022-09-13T13:23:43+00:00","breadcrumb":{"@id":"https:\/\/www.stretchhood.it\/fr\/page-de-remerciement\/#breadcrumb"},"inLanguage":"fr-FR","potentialAction":[{"@type":"ReadAction","target":["https:\/\/www.stretchhood.it\/fr\/page-de-remerciement\/"]}]},{"@type":"BreadcrumbList","@id":"https:\/\/www.stretchhood.it\/fr\/page-de-remerciement\/#breadcrumb","itemListElement":[{"@type":"ListItem","position":1,"name":"Home","item":"https:\/\/STRETCHHOOD.IT\/fr\/"},{"@type":"ListItem","position":2,"name":"Merci pour le message ! Vous serez bient\u00f4t contact\u00e9 par la zone s\u00e9lectionn\u00e9e."}]},{"@type":"WebSite","@id":"https:\/\/mail.stretchhood.it\/it\/#website","url":"https:\/\/mail.stretchhood.it\/it\/","name":"Bocedi srl","description":"Pallet Packaging Systems","publisher":{"@id":"https:\/\/mail.stretchhood.it\/it\/#organization"},"potentialAction":[{"@type":"SearchAction","target":{"@type":"EntryPoint","urlTemplate":"https:\/\/mail.stretchhood.it\/it\/?s={search_term_string}"},"query-input":"required name=search_term_string"}],"inLanguage":"fr-FR"},{"@type":"Organization","@id":"https:\/\/mail.stretchhood.it\/it\/#organization","name":"Bocedi srl","url":"https:\/\/mail.stretchhood.it\/it\/","logo":{"@type":"ImageObject","inLanguage":"fr-FR","@id":"https:\/\/mail.stretchhood.it\/it\/#\/schema\/logo\/image\/","url":"https:\/\/www.bocedisrl.com\/wp-content\/uploads\/2021\/11\/logo-bocedi.png","contentUrl":"https:\/\/www.bocedisrl.com\/wp-content\/uploads\/2021\/11\/logo-bocedi.png","width":800,"height":480,"caption":"Bocedi srl"},"image":{"@id":"https:\/\/mail.stretchhood.it\/it\/#\/schema\/logo\/image\/"}}]}},"_links":{"self":[{"href":"https:\/\/www.stretchhood.it\/fr\/wp-json\/wp\/v2\/pages\/7710"}],"collection":[{"href":"https:\/\/www.stretchhood.it\/fr\/wp-json\/wp\/v2\/pages"}],"about":[{"href":"https:\/\/www.stretchhood.it\/fr\/wp-json\/wp\/v2\/types\/page"}],"author":[{"embeddable":true,"href":"https:\/\/www.stretchhood.it\/fr\/wp-json\/wp\/v2\/users\/1"}],"replies":[{"embeddable":true,"href":"https:\/\/www.stretchhood.it\/fr\/wp-json\/wp\/v2\/comments?post=7710"}],"version-history":[{"count":1,"href":"https:\/\/www.stretchhood.it\/fr\/wp-json\/wp\/v2\/pages\/7710\/revisions"}],"predecessor-version":[{"id":7714,"href":"https:\/\/www.stretchhood.it\/fr\/wp-json\/wp\/v2\/pages\/7710\/revisions\/7714"}],"wp:attachment":[{"href":"https:\/\/www.stretchhood.it\/fr\/wp-json\/wp\/v2\/media?parent=7710"}],"curies":[{"name":"wp","href":"https:\/\/api.w.org\/{rel}","templated":true}]}}